{"id":5666,"date":"2021-08-31T20:26:20","date_gmt":"2021-08-31T20:26:20","guid":{"rendered":"https:\/\/soy.terapeutamental.com\/?page_id=5666"},"modified":"2021-09-02T04:59:21","modified_gmt":"2021-09-02T04:59:21","slug":"v-hierro3","status":"publish","type":"page","link":"https:\/\/soy.terapeutamental.com\/index.php\/v-hierro3\/","title":{"rendered":"v-hierro3"},"content":{"rendered":"\t\t<div data-elementor-type=\"wp-page\" data-elementor-id=\"5666\" class=\"elementor elementor-5666\">\n\t\t\t\t\t\t<section class=\"elementor-section elementor-top-section elementor-element elementor-element-6f75379e elementor-section-content-bottom elementor-section-boxed elementor-section-height-default elementor-section-height-default\" data-id=\"6f75379e\" data-element_type=\"section\" data-e-type=\"section\" data-settings=\"{&quot;background_background&quot;:&quot;classic&quot;}\">\n\t\t\t\t\t\t\t<div class=\"elementor-background-overlay\"><\/div>\n\t\t\t\t\t\t\t<div class=\"elementor-container elementor-column-gap-extended\">\n\t\t\t\t\t<div class=\"elementor-column elementor-col-100 elementor-top-column elementor-element elementor-element-7457171f\" data-id=\"7457171f\" data-element_type=\"column\" data-e-type=\"column\">\n\t\t\t<div class=\"elementor-widget-wrap elementor-element-populated\">\n\t\t\t\t\t\t<div class=\"elementor-element elementor-element-2d26b9a elementor-widget elementor-widget-heading\" data-id=\"2d26b9a\" data-element_type=\"widget\" data-e-type=\"widget\" data-widget_type=\"heading.default\">\n\t\t\t\t<div class=\"elementor-widget-container\">\n\t\t\t\t\t<h1 class=\"elementor-heading-title elementor-size-default\">voluntad de hierro<\/h1>\t\t\t\t<\/div>\n\t\t\t\t<\/div>\n\t\t\t\t\t<\/div>\n\t\t<\/div>\n\t\t\t\t\t<\/div>\n\t\t<\/section>\n\t\t\t\t<section class=\"elementor-section elementor-top-section elementor-element elementor-element-5a4bc415 elementor-section-content-middle elementor-section-boxed elementor-section-height-default elementor-section-height-default\" data-id=\"5a4bc415\" data-element_type=\"section\" data-e-type=\"section\">\n\t\t\t\t\t\t<div class=\"elementor-container elementor-column-gap-extended\">\n\t\t\t\t\t<div class=\"elementor-column elementor-col-100 elementor-top-column elementor-element elementor-element-f4f9f97\" data-id=\"f4f9f97\" data-element_type=\"column\" data-e-type=\"column\">\n\t\t\t<div class=\"elementor-widget-wrap elementor-element-populated\">\n\t\t\t\t\t\t<div class=\"elementor-element elementor-element-6933fdf4 elementor-widget elementor-widget-heading\" data-id=\"6933fdf4\" data-element_type=\"widget\" data-e-type=\"widget\" data-widget_type=\"heading.default\">\n\t\t\t\t<div class=\"elementor-widget-container\">\n\t\t\t\t\t<h2 class=\"elementor-heading-title elementor-size-default\">tu eres importante para nosotros<\/h2>\t\t\t\t<\/div>\n\t\t\t\t<\/div>\n\t\t\t\t<div class=\"elementor-element elementor-element-66c36e7a elementor-widget elementor-widget-heading\" data-id=\"66c36e7a\" data-element_type=\"widget\" data-e-type=\"widget\" data-widget_type=\"heading.default\">\n\t\t\t\t<div class=\"elementor-widget-container\">\n\t\t\t\t\t<h3 class=\"elementor-heading-title elementor-size-default\">Aqu\u00ed tienes LA CONTINUACION DE LA E.M. DE VOLUNTAD DE HIERRO!! <br>\ndisfrutalo!!!<\/h3>\t\t\t\t<\/div>\n\t\t\t\t<\/div>\n\t\t\t\t<section class=\"elementor-section elementor-inner-section elementor-element elementor-element-3da600a0 elementor-section-boxed elementor-section-height-default elementor-section-height-default\" data-id=\"3da600a0\" data-element_type=\"section\" data-e-type=\"section\">\n\t\t\t\t\t\t<div class=\"elementor-container elementor-column-gap-default\">\n\t\t\t\t\t<div class=\"elementor-column elementor-col-100 elementor-inner-column elementor-element elementor-element-689a7c7\" data-id=\"689a7c7\" data-element_type=\"column\" data-e-type=\"column\">\n\t\t\t<div class=\"elementor-widget-wrap elementor-element-populated\">\n\t\t\t\t\t\t<div class=\"elementor-element elementor-element-75c9c6c elementor-widget elementor-widget-heading\" data-id=\"75c9c6c\" data-element_type=\"widget\" data-e-type=\"widget\" data-widget_type=\"heading.default\">\n\t\t\t\t<div class=\"elementor-widget-container\">\n\t\t\t\t\t<h3 class=\"elementor-heading-title elementor-size-default\">capitulo 1: PROGRAMACION 2dA PARTE<\/h3>\t\t\t\t<\/div>\n\t\t\t\t<\/div>\n\t\t\t\t<div class=\"elementor-element elementor-element-f93ca58 elementor-widget elementor-widget-text-editor\" data-id=\"f93ca58\" data-element_type=\"widget\" data-e-type=\"widget\" data-widget_type=\"text-editor.default\">\n\t\t\t\t<div class=\"elementor-widget-container\">\n\t\t\t\t\t\t\t\t\t<p><b>VISUALIZACION CINE<\/b><\/p><p>Para aumentar tu Predominio Parasimp\u00e1tico, lleva Saliva a tu Boca.<\/p><p>Para hacerlo, cierra los ojos, mira hacia arriba y visualiza que muerdes un lim\u00f3n y que su acido jugo inunda tu boca.<br \/>En cuanto esa Visualizaci\u00f3n est\u00e9 haci\u00e9ndote salivar, piensa &#8220;Mi boca se llena de Saliva, fluida, Abundante&#8221;.<\/p><p>Con tu boca llena de Saliva, CIERRA LOS OJOS Y MIRA HACIA ARRIBA. As\u00ed producir\u00e1s una Gran Cantidad de Ondas Alfa.<\/p><p>Con los ojos cerrados, Visualiza que est\u00e1s en un CINE Muy Familiar para ti, sentado c\u00f3modamente en una butaca mirando la ENORME PANTALLA DE CINE.<\/p><p>Dentro de esa ENORME PANTALLA DE CINE, est\u00e1s viendo el Momento de tu Vida en que sentiste M\u00e1s Fuerza de Voluntad. Con tu DECISI\u00d3N.<\/p><p>Es esa Ocasi\u00f3n ESPECIAL que t\u00fa sabes, que fue cuando sentiste M\u00e1s Fuerza de Voluntad en toda tu Vida. Esa ocasi\u00f3n en la que tomar AQUELLA DECISION con toda tu Fuerza de Voluntad, tubo Tant\u00edsimo Significado para ti.<\/p><p>Mira ese Recuerdo en la ENORME PANTALLA DE CINE. Y mientras aparece en la Enorme Pantalla de Cine, agarra &#8220;el mando a distancia&#8221; y cambia lo siguiente:<\/p><p>Primero, a\u00f1ade M\u00c1S LUZ a la escena, hazla M\u00e1s Brillante, dentro de la Pantalla de Cine.<\/p><p>Ahora, pon hacer lo Colores M\u00e1s Intensos.<\/p><p>Sube tambi\u00e9n el Volumen para o\u00edr M\u00e1s Alto los Sonido del Recuerdo.<\/p><p>\u00a0<\/p><p>Ahora, con los ojos cerrados, visualiza como t\u00fa &#8220;Yo&#8221;, el que est\u00e1 Sentado delante de la Sala de CINE, TV SE CONCENTRA CON TODAS TUS FUERZAS EN LO QUE VE DENTRO DE LA ENORME PANTALLA.<\/p><p>Mientras se concentra CON TODAS SUS FUEZAS EN EL RECUERDO QUE VE DENTRO DE LA ENORME PANTALLA, tu &#8220;Yo&#8221; dentro de tu mente, adopta &#8220;la Postura&#8221; y se concentra, al mismo tiempo, en el SENTIMIENTO de tu Fuerza de Voluntad, y en la Sensaci\u00f3n de tus 4 dedos en tu Tercer Ojo. <br \/>Durante 30 segundos, siente como t\u00fa &#8220;Yo&#8221; dentro de tu mente, SIENTE esos 4 dedos en su Tercer Ojos, y mira el Recuerdo Dentro de la Enorme Pantalla de CINE.<\/p><p>&#8230;<br \/>Haz Ahora la Visualizaci\u00f3n CINE<br \/>&#8230;<\/p><p>\u00a1Muy Bien! Ya hemos hecho la Visualizaci\u00f3n CINE, ahora haremos la Visualizaci\u00f3n ASOCIADO en el siguiente d\u00eda del reto.<\/p>\t\t\t\t\t\t\t\t<\/div>\n\t\t\t\t<\/div>\n\t\t\t\t\t<\/div>\n\t\t<\/div>\n\t\t\t\t\t<\/div>\n\t\t<\/section>\n\t\t\t\t\t<\/div>\n\t\t<\/div>\n\t\t\t\t\t<\/div>\n\t\t<\/section>\n\t\t\t\t<section class=\"elementor-section elementor-top-section elementor-element elementor-element-503e5af6 elementor-section-boxed elementor-section-height-default elementor-section-height-default\" data-id=\"503e5af6\" data-element_type=\"section\" data-e-type=\"section\">\n\t\t\t\t\t\t<div class=\"elementor-container elementor-column-gap-default\">\n\t\t\t\t\t<div class=\"elementor-column elementor-col-100 elementor-top-column elementor-element elementor-element-388224ad\" data-id=\"388224ad\" data-element_type=\"column\" data-e-type=\"column\">\n\t\t\t<div class=\"elementor-widget-wrap elementor-element-populated\">\n\t\t\t\t\t\t<div class=\"elementor-element elementor-element-6163a7c9 elementor-widget elementor-widget-text-editor\" data-id=\"6163a7c9\" data-element_type=\"widget\" data-e-type=\"widget\" data-widget_type=\"text-editor.default\">\n\t\t\t\t<div class=\"elementor-widget-container\">\n\t\t\t\t\t\t\t\t\t<h5><span style=\"color: #ff0000;\">Nota importante: esta pagina esta visible \u00fanicamente por 48 horas a partir del dia de su publicacion en el reto bajar de peso<\/span><\/h5>\t\t\t\t\t\t\t\t<\/div>\n\t\t\t\t<\/div>\n\t\t\t\t\t<\/div>\n\t\t<\/div>\n\t\t\t\t\t<\/div>\n\t\t<\/section>\n\t\t\t\t<section class=\"elementor-section elementor-top-section elementor-element elementor-element-124585e6 elementor-section-boxed elementor-section-height-default elementor-section-height-default\" data-id=\"124585e6\" data-element_type=\"section\" data-e-type=\"section\">\n\t\t\t\t\t\t<div class=\"elementor-container elementor-column-gap-default\">\n\t\t\t\t\t<div class=\"elementor-column elementor-col-100 elementor-top-column elementor-element elementor-element-5748ff10\" data-id=\"5748ff10\" data-element_type=\"column\" data-e-type=\"column\">\n\t\t\t<div class=\"elementor-widget-wrap elementor-element-populated\">\n\t\t\t\t\t\t<div class=\"elementor-element elementor-element-4fb89ee7 elementor-widget elementor-widget-text-editor\" data-id=\"4fb89ee7\" data-element_type=\"widget\" data-e-type=\"widget\" data-widget_type=\"text-editor.default\">\n\t\t\t\t<div class=\"elementor-widget-container\">\n\t\t\t\t\t\t\t\t\t<h4><span style=\"font-size: 26px; color: #000080;\">!!!Una vez terminadas las actividades del Dia escribe en tu grupo de whatsapp\u00a0<\/span><\/h4><h4><span style=\"font-size: 26px; color: #000080;\">Dia 10 Realizado !!<\/span><\/h4>\t\t\t\t\t\t\t\t<\/div>\n\t\t\t\t<\/div>\n\t\t\t\t\t<\/div>\n\t\t<\/div>\n\t\t\t\t\t<\/div>\n\t\t<\/section>\n\t\t\t\t<section class=\"elementor-section elementor-top-section elementor-element elementor-element-4f043bdd elementor-section-boxed elementor-section-height-default elementor-section-height-default\" data-id=\"4f043bdd\" data-element_type=\"section\" data-e-type=\"section\">\n\t\t\t\t\t\t<div class=\"elementor-container elementor-column-gap-default\">\n\t\t\t\t\t<div class=\"elementor-column elementor-col-100 elementor-top-column elementor-element elementor-element-47d198d4\" data-id=\"47d198d4\" data-element_type=\"column\" data-e-type=\"column\">\n\t\t\t<div class=\"elementor-widget-wrap elementor-element-populated\">\n\t\t\t\t\t\t<div class=\"elementor-element elementor-element-4f90d4f9 elementor-widget elementor-widget-image\" data-id=\"4f90d4f9\" data-element_type=\"widget\" data-e-type=\"widget\" data-widget_type=\"image.default\">\n\t\t\t\t<div class=\"elementor-widget-container\">\n\t\t\t\t\t\t\t\t\t\t\t\t\t\t\t<img fetchpriority=\"high\" decoding=\"async\" width=\"1024\" height=\"454\" src=\"https:\/\/soy.terapeutamental.com\/wp-content\/uploads\/2020\/11\/logo-NC-transparente-1024x454.png\" class=\"attachment-large size-large wp-image-443\" alt=\"\" srcset=\"https:\/\/soy.terapeutamental.com\/wp-content\/uploads\/2020\/11\/logo-NC-transparente-1024x454.png 1024w, https:\/\/soy.terapeutamental.com\/wp-content\/uploads\/2020\/11\/logo-NC-transparente-300x133.png 300w, https:\/\/soy.terapeutamental.com\/wp-content\/uploads\/2020\/11\/logo-NC-transparente-768x340.png 768w, https:\/\/soy.terapeutamental.com\/wp-content\/uploads\/2020\/11\/logo-NC-transparente.png 1280w\" sizes=\"(max-width: 1024px) 100vw, 1024px\" \/>\t\t\t\t\t\t\t\t\t\t\t\t\t\t\t<\/div>\n\t\t\t\t<\/div>\n\t\t\t\t\t<\/div>\n\t\t<\/div>\n\t\t\t\t\t<\/div>\n\t\t<\/section>\n\t\t\t\t<\/div>\n\t\t","protected":false},"excerpt":{"rendered":"<p>voluntad de hierro tu eres importante para nosotros Aqu\u00ed tienes LA CONTINUACION DE LA E.M. DE VOLUNTAD DE HIERRO!! disfrutalo!!! capitulo 1: PROGRAMACION 2dA PARTE VISUALIZACION CINE Para aumentar tu Predominio Parasimp\u00e1tico, lleva Saliva a tu Boca. Para hacerlo, cierra los ojos, mira hacia arriba y visualiza que muerdes un lim\u00f3n y que su acido [&hellip;]<\/p>\n","protected":false},"author":1,"featured_media":0,"parent":0,"menu_order":0,"comment_status":"closed","ping_status":"closed","template":"elementor_canvas","meta":{"site-sidebar-layout":"no-sidebar","site-content-layout":"page-builder","ast-site-content-layout":"default","site-content-style":"default","site-sidebar-style":"default","ast-global-header-display":"","ast-banner-title-visibility":"","ast-main-header-display":"","ast-hfb-above-header-display":"","ast-hfb-below-header-display":"","ast-hfb-mobile-header-display":"","site-post-title":"disabled","ast-breadcrumbs-content":"","ast-featured-img":"disabled","footer-sml-layout":"","ast-disable-related-posts":"","theme-transparent-header-meta":"default","adv-header-id-meta":"","stick-header-meta":"","header-above-stick-meta":"","header-main-stick-meta":"","header-below-stick-meta":"","astra-migrate-meta-layouts":"default","ast-page-background-enabled":"default","ast-page-background-meta":{"desktop":{"background-color":"","background-image":"","background-repeat":"repeat","background-position":"center center","background-size":"auto","background-attachment":"scroll","background-type":"","background-media":"","overlay-type":"","overlay-color":"","overlay-opacity":"","overlay-gradient":""},"tablet":{"background-color":"","background-image":"","background-repeat":"repeat","background-position":"center center","background-size":"auto","background-attachment":"scroll","background-type":"","background-media":"","overlay-type":"","overlay-color":"","overlay-opacity":"","overlay-gradient":""},"mobile":{"background-color":"","background-image":"","background-repeat":"repeat","background-position":"center center","background-size":"auto","background-attachment":"scroll","background-type":"","background-media":"","overlay-type":"","overlay-color":"","overlay-opacity":"","overlay-gradient":""}},"ast-content-background-meta":{"desktop":{"background-color":"var(--ast-global-color-5)","background-image":"","background-repeat":"repeat","background-position":"center center","background-size":"auto","background-attachment":"scroll","background-type":"","background-media":"","overlay-type":"","overlay-color":"","overlay-opacity":"","overlay-gradient":""},"tablet":{"background-color":"var(--ast-global-color-5)","background-image":"","background-repeat":"repeat","background-position":"center center","background-size":"auto","background-attachment":"scroll","background-type":"","background-media":"","overlay-type":"","overlay-color":"","overlay-opacity":"","overlay-gradient":""},"mobile":{"background-color":"var(--ast-global-color-5)","background-image":"","background-repeat":"repeat","background-position":"center center","background-size":"auto","background-attachment":"scroll","background-type":"","background-media":"","overlay-type":"","overlay-color":"","overlay-opacity":"","overlay-gradient":""}},"h5ap_radio_sources":[],"footnotes":""},"class_list":["post-5666","page","type-page","status-publish","hentry"],"_links":{"self":[{"href":"https:\/\/soy.terapeutamental.com\/index.php\/wp-json\/wp\/v2\/pages\/5666","targetHints":{"allow":["GET"]}}],"collection":[{"href":"https:\/\/soy.terapeutamental.com\/index.php\/wp-json\/wp\/v2\/pages"}],"about":[{"href":"https:\/\/soy.terapeutamental.com\/index.php\/wp-json\/wp\/v2\/types\/page"}],"author":[{"embeddable":true,"href":"https:\/\/soy.terapeutamental.com\/index.php\/wp-json\/wp\/v2\/users\/1"}],"replies":[{"embeddable":true,"href":"https:\/\/soy.terapeutamental.com\/index.php\/wp-json\/wp\/v2\/comments?post=5666"}],"version-history":[{"count":13,"href":"https:\/\/soy.terapeutamental.com\/index.php\/wp-json\/wp\/v2\/pages\/5666\/revisions"}],"predecessor-version":[{"id":5712,"href":"https:\/\/soy.terapeutamental.com\/index.php\/wp-json\/wp\/v2\/pages\/5666\/revisions\/5712"}],"wp:attachment":[{"href":"https:\/\/soy.terapeutamental.com\/index.php\/wp-json\/wp\/v2\/media?parent=5666"}],"curies":[{"name":"wp","href":"https:\/\/api.w.org\/{rel}","templated":true}]}}