{"id":5504,"date":"2021-08-27T03:06:45","date_gmt":"2021-08-27T03:06:45","guid":{"rendered":"https:\/\/soy.terapeutamental.com\/?page_id=5504"},"modified":"2021-08-27T04:51:33","modified_gmt":"2021-08-27T04:51:33","slug":"v-hierro","status":"publish","type":"page","link":"https:\/\/soy.terapeutamental.com\/index.php\/v-hierro\/","title":{"rendered":"v-hierro"},"content":{"rendered":"\t\t<div data-elementor-type=\"wp-page\" data-elementor-id=\"5504\" class=\"elementor elementor-5504\">\n\t\t\t\t\t\t<section class=\"elementor-section elementor-top-section elementor-element elementor-element-45b5baad elementor-section-content-bottom elementor-section-boxed elementor-section-height-default elementor-section-height-default\" data-id=\"45b5baad\" data-element_type=\"section\" data-e-type=\"section\" data-settings=\"{&quot;background_background&quot;:&quot;classic&quot;}\">\n\t\t\t\t\t\t\t<div class=\"elementor-background-overlay\"><\/div>\n\t\t\t\t\t\t\t<div class=\"elementor-container elementor-column-gap-extended\">\n\t\t\t\t\t<div class=\"elementor-column elementor-col-100 elementor-top-column elementor-element elementor-element-7fe695f5\" data-id=\"7fe695f5\" data-element_type=\"column\" data-e-type=\"column\">\n\t\t\t<div class=\"elementor-widget-wrap elementor-element-populated\">\n\t\t\t\t\t\t<div class=\"elementor-element elementor-element-3e8c6597 elementor-widget elementor-widget-heading\" data-id=\"3e8c6597\" data-element_type=\"widget\" data-e-type=\"widget\" data-widget_type=\"heading.default\">\n\t\t\t\t<div class=\"elementor-widget-container\">\n\t\t\t\t\t<h1 class=\"elementor-heading-title elementor-size-default\">voluntad de hierro<\/h1>\t\t\t\t<\/div>\n\t\t\t\t<\/div>\n\t\t\t\t\t<\/div>\n\t\t<\/div>\n\t\t\t\t\t<\/div>\n\t\t<\/section>\n\t\t\t\t<section class=\"elementor-section elementor-top-section elementor-element elementor-element-4c3c70d8 elementor-section-content-middle elementor-section-boxed elementor-section-height-default elementor-section-height-default\" data-id=\"4c3c70d8\" data-element_type=\"section\" data-e-type=\"section\">\n\t\t\t\t\t\t<div class=\"elementor-container elementor-column-gap-extended\">\n\t\t\t\t\t<div class=\"elementor-column elementor-col-100 elementor-top-column elementor-element elementor-element-54cfa49c\" data-id=\"54cfa49c\" data-element_type=\"column\" data-e-type=\"column\">\n\t\t\t<div class=\"elementor-widget-wrap elementor-element-populated\">\n\t\t\t\t\t\t<div class=\"elementor-element elementor-element-4a49add6 elementor-widget elementor-widget-heading\" data-id=\"4a49add6\" data-element_type=\"widget\" data-e-type=\"widget\" data-widget_type=\"heading.default\">\n\t\t\t\t<div class=\"elementor-widget-container\">\n\t\t\t\t\t<h2 class=\"elementor-heading-title elementor-size-default\">tu eres importante para nosotros<\/h2>\t\t\t\t<\/div>\n\t\t\t\t<\/div>\n\t\t\t\t<div class=\"elementor-element elementor-element-7e2f9f5 elementor-widget elementor-widget-heading\" data-id=\"7e2f9f5\" data-element_type=\"widget\" data-e-type=\"widget\" data-widget_type=\"heading.default\">\n\t\t\t\t<div class=\"elementor-widget-container\">\n\t\t\t\t\t<h3 class=\"elementor-heading-title elementor-size-default\">Aqu\u00ed tienes la e.m. de voluntad de hierro!! <br>\ndisfrutalo!!!<\/h3>\t\t\t\t<\/div>\n\t\t\t\t<\/div>\n\t\t\t\t<section class=\"elementor-section elementor-inner-section elementor-element elementor-element-62aff721 elementor-section-boxed elementor-section-height-default elementor-section-height-default\" data-id=\"62aff721\" data-element_type=\"section\" data-e-type=\"section\">\n\t\t\t\t\t\t<div class=\"elementor-container elementor-column-gap-default\">\n\t\t\t\t\t<div class=\"elementor-column elementor-col-100 elementor-inner-column elementor-element elementor-element-15cfc6ee\" data-id=\"15cfc6ee\" data-element_type=\"column\" data-e-type=\"column\">\n\t\t\t<div class=\"elementor-widget-wrap elementor-element-populated\">\n\t\t\t\t\t\t<div class=\"elementor-element elementor-element-1516e3e1 elementor-widget elementor-widget-heading\" data-id=\"1516e3e1\" data-element_type=\"widget\" data-e-type=\"widget\" data-widget_type=\"heading.default\">\n\t\t\t\t<div class=\"elementor-widget-container\">\n\t\t\t\t\t<h3 class=\"elementor-heading-title elementor-size-default\">capitulo 1: como tener Voluntad de hierro<\/h3>\t\t\t\t<\/div>\n\t\t\t\t<\/div>\n\t\t\t\t<div class=\"elementor-element elementor-element-68c52468 elementor-widget elementor-widget-text-editor\" data-id=\"68c52468\" data-element_type=\"widget\" data-e-type=\"widget\" data-widget_type=\"text-editor.default\">\n\t\t\t\t<div class=\"elementor-widget-container\">\n\t\t\t\t\t\t\t\t\t<p><b>\u00bfQu\u00e9 m\u00e1s necesitas para bajar de peso con \u00c9xito?<\/b><\/p>\n<p>S\u00f3lo tienes que APRENDER COMO APLICAR lo ense\u00f1ado en el reto, \u00a1CON TU FUERZA DE VOLUNTAD!<\/p>\n<p>La Mayor\u00eda de la gente NO SABE lo que significa la palabra &#8220;Decisi\u00f3n&#8221;.<\/p>\n<p>Las personas normales toman una &#8220;decisi\u00f3n&#8221; y luego la cambian a las pocas horas. Eso NO es decidir. Eso es ser como una veleta y usar tu Libre Albedr\u00edo para permitir que ocurra &#8220;cualquier cosa&#8221;.<\/p>\n<p>&#8220;DECIDIR&#8221; significa que NO existe ninguna otra posibilidad. SOLO PUEDE OCURRIR ESO.<\/p>\n<p>O ocurre eso, o ocurre eso mismo \u00a1As\u00ed de sencillo!<\/p>\n<p>\u00a1Claro! La Mente L\u00f3gica activa una Subpersonalidad y dice &#8220;Pero en la vida siempre puede ocurrir de todo&#8221;.<\/p>\n<p>Y como dir\u00eda Terry Pratchet, &#8220;La L\u00f3gica est\u00e1 Muy bien. Pero algunas veces se consigue m\u00e1s Pensando&#8221; ^_^<\/p>\n<p>DECIDIR significa que NO dejas que en tu Subconsciente haya NADA M\u00c1S que lo que T\u00fa quieres.<\/p>\n<p>Significa que en tu Subconsciente SOLO EST\u00c1 TU OBJETIVO.<\/p>\n<p>Decidir significa &#8220;quemar tus barcos detr\u00e1s de ti&#8221;. Significa que o lo consigues, o te mueres, pero mientras vivas lo conseguir\u00e1s.<\/p>\n<p>Thomas Edison DECIDIO que con Electricidad se podr\u00eda crear una Bombilla.<\/p>\n<p>JAMAS se hab\u00eda imaginado tal cosa. Y NO hab\u00eda medios tecnol\u00f3gicos para conseguirlo. As\u00ed que parec\u00eda Totalmente Imposible.<\/p>\n<p>Pero el Secreto que hizo MILLONARIO a Edison, era que cuando DECIDIA ALGO segu\u00eda intent\u00e1ndolo HASTA QUE LO CONSEGU\u00cdA.<\/p>\n<p>Jam\u00e1s se rend\u00eda, jam\u00e1s se paraba. Continuaba y continuaba y continuaba d\u00e1ndose de cabezazos con el muro, hasta que lo derribaba y pod\u00eda pasar por encima de \u00e9l.<\/p>\n<p>La gente normal, toma Muy pocas Decisiones REALES en su Vida. Cuando &#8220;Deciden&#8221; algo, siempre escriben esa decisi\u00f3n sobre la arena y si las cosas se ponen &#8220;dif\u00edciles&#8221;, entonces CORREN a borrar su &#8220;decisi\u00f3n&#8221; de un soplido y a cambiarla por otra M\u00c1S FACIL.<\/p>\n<p>Eso les causa M\u00c1S FRACASO del que pueden imaginar.<\/p>\n<p>TODOS LOS TRIUNFADORES tienen tanta Fuerza de Voluntad como ten\u00eda Edison.<\/p>\n<p>Cuando Edison DECIDIO Inventar la Bombilla, DECIDIO que lo conseguir\u00eda. Fuera cuales fueran los problemas que tuviera que afrontar, fuera cual fuera la cantidad de Tiempo que necesitara invertir y fuera cual fuera la cantidad e dinero que tuviera que gastar \u00a1Como si se Arruinaba! PERO LO CONSEGUIR\u00cdA.<\/p>\n<p>La DECISION de Edison estaba escrita con LETRAS DE ACERO DE 5 METROS DE ESPESOR. Y nada en el mundo ser\u00eda capaz de cambiarla.<\/p>\n<p>Con Suficiente Fuerza de Voluntad \u00a1T\u00fa puedes cambiar tu Mundo!<\/p>\n<p>Esa Fuerza de Voluntad, es su Capacidad de centrar su mente en SU OBJETIVO y Luchar y Seguir Luchando \u00a1Cueste lo que cueste! Duela lo que duela, paso a paso, sin parar jam\u00e1s, siempre dando un poco m\u00e1s \u00a1Hasta que se alcancen el \u00c9xito!<\/p>\n<p>Los Triunfadores consiguen lo que quieren, porque ellos usan su Fuerza de Voluntad para decirle a las &#8220;manchas&#8221; de la Ilusi\u00f3n &#8220;\u00a1Qu\u00edtate de ah\u00ed y arr\u00f3jate al Mar!&#8221;<br>Los Triunfadores consiguen lo que quieren, porque ellos usan su Fuerza de Voluntad para decirles a las &#8220;manchas&#8221; de la Ilusi\u00f3n que su Voluntad es M\u00e1s Poderosa que la Ilusi\u00f3n. Y as\u00ed cuando la Fuerza de Voluntad derrota a la Ilusi\u00f3n. La Fuerza de Voluntad gana \u00a1Y se Realiza el &#8220;Milagro&#8221;!<\/p>\n<p>Con suficiente Fuerza de Voluntad TU CAMBIAR\u00c1S TU MUNDO, \u00a1y el de los Seres a los que Amas! Y si aplicas s\u00f3lo un poco M\u00e1s de Fuerza de Voluntad \u00a1Mejorar\u00e1s el Mundo! Igual que Edison, Disney y el Coronel Sanders hicieron.<\/p>\n<p>\u00bfTe gustar\u00eda poseer esa Misma Fuerza de Voluntad que poseen los GRANDES TRIUNFADORES?<\/p>\n<p>EM &#8220;Voluntad de Hierro&#8221;<\/p>\n<p>El Secreto de los TRIUNFADORES es que ellos No centran su mente en los &#8220;problemas&#8221;, ni en las &#8220;dificultades&#8221;.<\/p>\n<p>Los TRIUNFADORES comprenden el Valor de sus Pensamientos. Ellos SABEN que los pensamientos que se Mantienen den la Mente, son los que se hacen Realidad.<\/p>\n<p>Porque esos pensamientos son Ordenes para su Subconsciente.<\/p>\n<p>Las personas &#8220;normales&#8221; permiten que en su cabeza haya &#8220;cualquier cosa&#8221;. Ellos No controlan sus pensamientos. Suelen dejar que sean las &#8220;circunstancias&#8221; las que controlen sus pensamientos.<br>Como resultado, esas personas suelen permitir que su mente mantenga pensamientos Negativos para su Vida.<\/p>\n<p>As\u00ed, si una persona normal se topa con un Problema, o con una Desgracia, entonces esa persona SE PONE A PENSAR EN ESE PROBLEMA. Y COMO RESULTADO ESTA ORDENANDO A SU SUBCONSCIENTE que ese problema se solidifique, se haga M\u00e1s Grande.<\/p>\n<p>\u00bfComprendes?<\/p>\n<p>Este es el Gran Error que cometen TODAS las personas &#8220;normales&#8221;.<\/p>\n<p>Por ejemplo. Una persona desea bajar 10 kilos de peso As\u00ed que acude al gimnasio, hace dieta y despu\u00e9s de una semana o un mes deja de ir al gimnasio y deja la dieta o no ve que baje nada de peso por m\u00e1s ejercicio y dieta que haga. \u00bfC\u00f3mo reacciona esa persona?<\/p>\n<p>Pues esa persona COMIENZA A PENSAR EN EL PROBLEMA. Piensa &#8220;\u00a1Que desgracia! \u00a1No puedo bajar de peso!&#8221; o &#8220;\u00a1Es injusto! Los ejercicios y la dieta no me funcionan O cosas as\u00ed.<\/p>\n<p>\u00bfQu\u00e9 est\u00e1 haciendo esa persona (sin darse cuenta)?<\/p>\n<p>ESTA ORDENANDO A SU SUBCONSCIENTE que tome alguna acci\u00f3n PARA QUE ESA PERSONA NO CONSIGA BAJAR DE PESO.<\/p>\n<p>\u00bfComprendes?<\/p>\n<p>\u00bfY qu\u00e9 es lo que hace el Subconsciente para cumplir esa Orden?<\/p>\n<p>Pues env\u00eda UN ENORME SENTIMIENTO DE DESANIMO, SUFRIMIENTO Y PESAR a esa persona. UN SENTIMIENTO DE DESESPERACI\u00d3N que hace que esa persona ABANDONE y as\u00ed NO consiga bajar de peso.<\/p>\n<p>\u00bfTe das cuenta?<\/p>\n<p>Esa persona ORDENO A SU SUBCONSCIENTE (sin darse cuenta, pues no sab\u00eda lo que hac\u00eda) QUE LA DESGRACIA de NO conseguir el bajar de peso SE MATERIALIZARA EN SU VIDA.<\/p>\n<p>\u00a1\u00a1\u00a1\u00a1Y AS\u00cd FUE!!!<\/p>\n<p>\u00a1Su Subconsciente Cumpli\u00f3 esa Orden!<\/p>\n<p>LA MAYOR\u00cdA DE LAS PERSONAS NORMALES, PERMITEN QUE LAS CIRCUSTANCIAS QUE OCURREN EN SU VIDA CONTROLEN SUS PENSAMIENTOS \u00a1Ese es su Error! Porque esas personas piensan en lo que est\u00e1 ocurriendo EN ESOS MOMENTOS en sus vidas.<\/p>\n<p>As\u00ed, cuando ocurre algo &#8220;bonito&#8221; se sienten Plenos y Felices.<\/p>\n<p>Y cuando ocurre alg\u00fan problema, te sientes con ganas de abandonar.<\/p>\n<p>En un mismo d\u00eda, una misma persona puede sentirse &#8220;plet\u00f3rico&#8221; por la ma\u00f1ana, y &#8220;al borde del suicidio&#8221; por la tarde.<\/p>\n<p>\u00bfComprendes por qu\u00e9 ocurre esto?<\/p>\n<p>Las personas Normales, al NO controlar sus pensamientos, tan pronto dan a su subconsciente ordenes de \u00e9xito, como de Fracaso.<\/p>\n<p>\u00bfC\u00f3mo piensan aquellas personas que se transforman en TRIUNFADORES?<\/p>\n<p>Ellos, como conocen el Poder de sus Pensamientos, NO centran su mente en el &#8220;problema&#8221;, sino en el Objetivo que desean conseguir.<\/p>\n<p>As\u00ed, al pensar en su Objetivo, ellos RECUPERAN Todas sus Fuerzas. Pues al centrar su mente en su Objetivo. Su Subconsciente le Devuelve 2 cosas.<\/p>\n<p>1) UN ENORME SENTIMIENTO DE EXITO Y FORTALEZA. Que le hace estar DECIDIDO a Triunfar \u00a1Que le da ganas de Seguir Luchando!<\/p>\n<p>2) LA SOLUCI\u00d3N AL PROBLEMA.<\/p>\n<p>\u00bfTe das cuenta?<\/p>\n<p>El TRIUNFADOR, cuando se encuentra con un &#8220;problema&#8221;, lo que hace es RECORDAR SUS OBJETIVOS. Pensar en ellos HASTA QUE LE VUELVEN LAS FUERZAS.<\/p>\n<p>As\u00ed su Mente Subconsciente COMPRENDE que esa persona est\u00e1 Emitiendo una ORDEN DE EXITO.<\/p>\n<p>\u00bfC\u00f3mo se consigue?<\/p>\n<p>\u00a1Muy Sencillo! \u00a1\u00a1\u00a1PROGRAMANDO ESA ESTRATEGIA MENTAL EN TU MENTE!!!<\/p>\n<p>En la siguiente clase te explicaremos como Programarlo.<\/p>\t\t\t\t\t\t\t\t<\/div>\n\t\t\t\t<\/div>\n\t\t\t\t\t<\/div>\n\t\t<\/div>\n\t\t\t\t\t<\/div>\n\t\t<\/section>\n\t\t\t\t\t<\/div>\n\t\t<\/div>\n\t\t\t\t\t<\/div>\n\t\t<\/section>\n\t\t\t\t<section class=\"elementor-section elementor-top-section elementor-element elementor-element-3fad216e elementor-section-boxed elementor-section-height-default elementor-section-height-default\" data-id=\"3fad216e\" data-element_type=\"section\" data-e-type=\"section\">\n\t\t\t\t\t\t<div class=\"elementor-container elementor-column-gap-default\">\n\t\t\t\t\t<div class=\"elementor-column elementor-col-100 elementor-top-column elementor-element elementor-element-75f74650\" data-id=\"75f74650\" data-element_type=\"column\" data-e-type=\"column\">\n\t\t\t<div class=\"elementor-widget-wrap elementor-element-populated\">\n\t\t\t\t\t\t<div class=\"elementor-element elementor-element-289a298 elementor-widget elementor-widget-text-editor\" data-id=\"289a298\" data-element_type=\"widget\" data-e-type=\"widget\" data-widget_type=\"text-editor.default\">\n\t\t\t\t<div class=\"elementor-widget-container\">\n\t\t\t\t\t\t\t\t\t<h5><span style=\"color: #ff0000;\">Nota importante: esta pagina esta visible \u00fanicamente por 48 horas a partir del dia de su publicacion en el reto a la abundancia<\/span><\/h5>\t\t\t\t\t\t\t\t<\/div>\n\t\t\t\t<\/div>\n\t\t\t\t\t<\/div>\n\t\t<\/div>\n\t\t\t\t\t<\/div>\n\t\t<\/section>\n\t\t\t\t<section class=\"elementor-section elementor-top-section elementor-element elementor-element-73a7e3e9 elementor-section-boxed elementor-section-height-default elementor-section-height-default\" data-id=\"73a7e3e9\" data-element_type=\"section\" data-e-type=\"section\">\n\t\t\t\t\t\t<div class=\"elementor-container elementor-column-gap-default\">\n\t\t\t\t\t<div class=\"elementor-column elementor-col-100 elementor-top-column elementor-element elementor-element-6ee2ab78\" data-id=\"6ee2ab78\" data-element_type=\"column\" data-e-type=\"column\">\n\t\t\t<div class=\"elementor-widget-wrap elementor-element-populated\">\n\t\t\t\t\t\t<div class=\"elementor-element elementor-element-ab7d91b elementor-widget elementor-widget-text-editor\" data-id=\"ab7d91b\" data-element_type=\"widget\" data-e-type=\"widget\" data-widget_type=\"text-editor.default\">\n\t\t\t\t<div class=\"elementor-widget-container\">\n\t\t\t\t\t\t\t\t\t<h4><span style=\"font-size: 26px; color: #000080;\">!!!Una vez terminadas las actividades del Dia escribe en tu grupo de whatsapp\u00a0<\/span><\/h4><h4><span style=\"font-size: 26px; color: #000080;\">Dia 8 Realizado !!<\/span><\/h4>\t\t\t\t\t\t\t\t<\/div>\n\t\t\t\t<\/div>\n\t\t\t\t\t<\/div>\n\t\t<\/div>\n\t\t\t\t\t<\/div>\n\t\t<\/section>\n\t\t\t\t<section class=\"elementor-section elementor-top-section elementor-element elementor-element-6fe452ec elementor-section-boxed elementor-section-height-default elementor-section-height-default\" data-id=\"6fe452ec\" data-element_type=\"section\" data-e-type=\"section\">\n\t\t\t\t\t\t<div class=\"elementor-container elementor-column-gap-default\">\n\t\t\t\t\t<div class=\"elementor-column elementor-col-100 elementor-top-column elementor-element elementor-element-36699927\" data-id=\"36699927\" data-element_type=\"column\" data-e-type=\"column\">\n\t\t\t<div class=\"elementor-widget-wrap elementor-element-populated\">\n\t\t\t\t\t\t<div class=\"elementor-element elementor-element-4d18a842 elementor-widget elementor-widget-image\" data-id=\"4d18a842\" data-element_type=\"widget\" data-e-type=\"widget\" data-widget_type=\"image.default\">\n\t\t\t\t<div class=\"elementor-widget-container\">\n\t\t\t\t\t\t\t\t\t\t\t\t\t\t\t<img fetchpriority=\"high\" decoding=\"async\" width=\"1024\" height=\"454\" src=\"https:\/\/soy.terapeutamental.com\/wp-content\/uploads\/2020\/11\/logo-NC-transparente-1024x454.png\" class=\"attachment-large size-large wp-image-443\" alt=\"\" srcset=\"https:\/\/soy.terapeutamental.com\/wp-content\/uploads\/2020\/11\/logo-NC-transparente-1024x454.png 1024w, https:\/\/soy.terapeutamental.com\/wp-content\/uploads\/2020\/11\/logo-NC-transparente-300x133.png 300w, https:\/\/soy.terapeutamental.com\/wp-content\/uploads\/2020\/11\/logo-NC-transparente-768x340.png 768w, https:\/\/soy.terapeutamental.com\/wp-content\/uploads\/2020\/11\/logo-NC-transparente.png 1280w\" sizes=\"(max-width: 1024px) 100vw, 1024px\" \/>\t\t\t\t\t\t\t\t\t\t\t\t\t\t\t<\/div>\n\t\t\t\t<\/div>\n\t\t\t\t\t<\/div>\n\t\t<\/div>\n\t\t\t\t\t<\/div>\n\t\t<\/section>\n\t\t\t\t<\/div>\n\t\t","protected":false},"excerpt":{"rendered":"<p>voluntad de hierro tu eres importante para nosotros Aqu\u00ed tienes la e.m. de voluntad de hierro!! disfrutalo!!! capitulo 1: como tener Voluntad de hierro \u00bfQu\u00e9 m\u00e1s necesitas para bajar de peso con \u00c9xito? S\u00f3lo tienes que APRENDER COMO APLICAR lo ense\u00f1ado en el reto, \u00a1CON TU FUERZA DE VOLUNTAD! La Mayor\u00eda de la gente NO [&hellip;]<\/p>\n","protected":false},"author":1,"featured_media":0,"parent":0,"menu_order":0,"comment_status":"closed","ping_status":"closed","template":"elementor_canvas","meta":{"site-sidebar-layout":"no-sidebar","site-content-layout":"page-builder","ast-site-content-layout":"default","site-content-style":"default","site-sidebar-style":"default","ast-global-header-display":"","ast-banner-title-visibility":"","ast-main-header-display":"","ast-hfb-above-header-display":"","ast-hfb-below-header-display":"","ast-hfb-mobile-header-display":"","site-post-title":"disabled","ast-breadcrumbs-content":"","ast-featured-img":"disabled","footer-sml-layout":"","ast-disable-related-posts":"","theme-transparent-header-meta":"default","adv-header-id-meta":"","stick-header-meta":"","header-above-stick-meta":"","header-main-stick-meta":"","header-below-stick-meta":"","astra-migrate-meta-layouts":"default","ast-page-background-enabled":"default","ast-page-background-meta":{"desktop":{"background-color":"","background-image":"","background-repeat":"repeat","background-position":"center center","background-size":"auto","background-attachment":"scroll","background-type":"","background-media":"","overlay-type":"","overlay-color":"","overlay-opacity":"","overlay-gradient":""},"tablet":{"background-color":"","background-image":"","background-repeat":"repeat","background-position":"center center","background-size":"auto","background-attachment":"scroll","background-type":"","background-media":"","overlay-type":"","overlay-color":"","overlay-opacity":"","overlay-gradient":""},"mobile":{"background-color":"","background-image":"","background-repeat":"repeat","background-position":"center center","background-size":"auto","background-attachment":"scroll","background-type":"","background-media":"","overlay-type":"","overlay-color":"","overlay-opacity":"","overlay-gradient":""}},"ast-content-background-meta":{"desktop":{"background-color":"var(--ast-global-color-5)","background-image":"","background-repeat":"repeat","background-position":"center center","background-size":"auto","background-attachment":"scroll","background-type":"","background-media":"","overlay-type":"","overlay-color":"","overlay-opacity":"","overlay-gradient":""},"tablet":{"background-color":"var(--ast-global-color-5)","background-image":"","background-repeat":"repeat","background-position":"center center","background-size":"auto","background-attachment":"scroll","background-type":"","background-media":"","overlay-type":"","overlay-color":"","overlay-opacity":"","overlay-gradient":""},"mobile":{"background-color":"var(--ast-global-color-5)","background-image":"","background-repeat":"repeat","background-position":"center center","background-size":"auto","background-attachment":"scroll","background-type":"","background-media":"","overlay-type":"","overlay-color":"","overlay-opacity":"","overlay-gradient":""}},"h5ap_radio_sources":[],"footnotes":""},"class_list":["post-5504","page","type-page","status-publish","hentry"],"_links":{"self":[{"href":"https:\/\/soy.terapeutamental.com\/index.php\/wp-json\/wp\/v2\/pages\/5504","targetHints":{"allow":["GET"]}}],"collection":[{"href":"https:\/\/soy.terapeutamental.com\/index.php\/wp-json\/wp\/v2\/pages"}],"about":[{"href":"https:\/\/soy.terapeutamental.com\/index.php\/wp-json\/wp\/v2\/types\/page"}],"author":[{"embeddable":true,"href":"https:\/\/soy.terapeutamental.com\/index.php\/wp-json\/wp\/v2\/users\/1"}],"replies":[{"embeddable":true,"href":"https:\/\/soy.terapeutamental.com\/index.php\/wp-json\/wp\/v2\/comments?post=5504"}],"version-history":[{"count":10,"href":"https:\/\/soy.terapeutamental.com\/index.php\/wp-json\/wp\/v2\/pages\/5504\/revisions"}],"predecessor-version":[{"id":5534,"href":"https:\/\/soy.terapeutamental.com\/index.php\/wp-json\/wp\/v2\/pages\/5504\/revisions\/5534"}],"wp:attachment":[{"href":"https:\/\/soy.terapeutamental.com\/index.php\/wp-json\/wp\/v2\/media?parent=5504"}],"curies":[{"name":"wp","href":"https:\/\/api.w.org\/{rel}","templated":true}]}}