{"id":3250,"date":"2021-06-11T23:45:33","date_gmt":"2021-06-11T23:45:33","guid":{"rendered":"http:\/\/soy.terapeutamental.com\/?page_id=3250"},"modified":"2021-10-18T20:44:36","modified_gmt":"2021-10-18T20:44:36","slug":"rab-d19a","status":"publish","type":"page","link":"https:\/\/soy.terapeutamental.com\/index.php\/rab-d19a\/","title":{"rendered":"RAB-d19"},"content":{"rendered":"\t\t<div data-elementor-type=\"wp-page\" data-elementor-id=\"3250\" class=\"elementor elementor-3250\">\n\t\t\t\t\t\t<section class=\"elementor-section elementor-top-section elementor-element elementor-element-617e0605 elementor-section-content-bottom elementor-section-boxed elementor-section-height-default elementor-section-height-default\" data-id=\"617e0605\" data-element_type=\"section\" data-e-type=\"section\" data-settings=\"{&quot;background_background&quot;:&quot;classic&quot;}\">\n\t\t\t\t\t\t\t<div class=\"elementor-background-overlay\"><\/div>\n\t\t\t\t\t\t\t<div class=\"elementor-container elementor-column-gap-extended\">\n\t\t\t\t\t<div class=\"elementor-column elementor-col-100 elementor-top-column elementor-element elementor-element-5bab3fe8\" data-id=\"5bab3fe8\" data-element_type=\"column\" data-e-type=\"column\">\n\t\t\t<div class=\"elementor-widget-wrap elementor-element-populated\">\n\t\t\t\t\t\t<div class=\"elementor-element elementor-element-425949bb elementor-widget elementor-widget-heading\" data-id=\"425949bb\" data-element_type=\"widget\" data-e-type=\"widget\" data-widget_type=\"heading.default\">\n\t\t\t\t<div class=\"elementor-widget-container\">\n\t\t\t\t\t<h1 class=\"elementor-heading-title elementor-size-default\">reto abundancia dia-19<\/h1>\t\t\t\t<\/div>\n\t\t\t\t<\/div>\n\t\t\t\t\t<\/div>\n\t\t<\/div>\n\t\t\t\t\t<\/div>\n\t\t<\/section>\n\t\t\t\t<section class=\"elementor-section elementor-top-section elementor-element elementor-element-37af6820 elementor-section-content-middle elementor-section-boxed elementor-section-height-default elementor-section-height-default\" data-id=\"37af6820\" data-element_type=\"section\" data-e-type=\"section\">\n\t\t\t\t\t\t<div class=\"elementor-container elementor-column-gap-extended\">\n\t\t\t\t\t<div class=\"elementor-column elementor-col-100 elementor-top-column elementor-element elementor-element-123d0c75\" data-id=\"123d0c75\" data-element_type=\"column\" data-e-type=\"column\">\n\t\t\t<div class=\"elementor-widget-wrap elementor-element-populated\">\n\t\t\t\t\t\t<div class=\"elementor-element elementor-element-7453c981 elementor-widget elementor-widget-heading\" data-id=\"7453c981\" data-element_type=\"widget\" data-e-type=\"widget\" data-widget_type=\"heading.default\">\n\t\t\t\t<div class=\"elementor-widget-container\">\n\t\t\t\t\t<h2 class=\"elementor-heading-title elementor-size-default\">tu eres importante para nosotros<\/h2>\t\t\t\t<\/div>\n\t\t\t\t<\/div>\n\t\t\t\t<div class=\"elementor-element elementor-element-1e3afa5b elementor-widget elementor-widget-heading\" data-id=\"1e3afa5b\" data-element_type=\"widget\" data-e-type=\"widget\" data-widget_type=\"heading.default\">\n\t\t\t\t<div class=\"elementor-widget-container\">\n\t\t\t\t\t<h3 class=\"elementor-heading-title elementor-size-default\">Aqu\u00ed tienes las instrucciones para crear una conciencia de riqueza y prosperidad!! <br>\ndisfrutalos!!!<\/h3>\t\t\t\t<\/div>\n\t\t\t\t<\/div>\n\t\t\t\t<section class=\"elementor-section elementor-inner-section elementor-element elementor-element-d3d85eb elementor-section-boxed elementor-section-height-default elementor-section-height-default\" data-id=\"d3d85eb\" data-element_type=\"section\" data-e-type=\"section\">\n\t\t\t\t\t\t<div class=\"elementor-container elementor-column-gap-default\">\n\t\t\t\t\t<div class=\"elementor-column elementor-col-100 elementor-inner-column elementor-element elementor-element-551fcf6\" data-id=\"551fcf6\" data-element_type=\"column\" data-e-type=\"column\">\n\t\t\t<div class=\"elementor-widget-wrap elementor-element-populated\">\n\t\t\t\t\t\t<div class=\"elementor-element elementor-element-302c036 elementor-widget elementor-widget-heading\" data-id=\"302c036\" data-element_type=\"widget\" data-e-type=\"widget\" data-widget_type=\"heading.default\">\n\t\t\t\t<div class=\"elementor-widget-container\">\n\t\t\t\t\t<h3 class=\"elementor-heading-title elementor-size-default\">1ra actividad: planificacion de habitos (hazlo divertido)<\/h3>\t\t\t\t<\/div>\n\t\t\t\t<\/div>\n\t\t\t\t<div class=\"elementor-element elementor-element-d265616 elementor-widget elementor-widget-text-editor\" data-id=\"d265616\" data-element_type=\"widget\" data-e-type=\"widget\" data-widget_type=\"text-editor.default\">\n\t\t\t\t<div class=\"elementor-widget-container\">\n\t\t\t\t\t\t\t\t\t<p>Ahora vamos a analizar tus h\u00e1bitos diarios de diversi\u00f3n familiar, social, laboral y personal.<\/p><p>Unos de los h\u00e1bitos mas comunes de un emprendedor es trabajar hasta el cansancio, dejando a un lado los eventos familiares, el tiempo de convivencia en familia, pasa mas tiempo en el trabajo que en la casa, y cuando esta en la casa lo usa para descansar aislado de tus seres amados&#8230; lo toma con mucha pasi\u00f3n, responsabilidad&#8230; o por costumbre; porque as\u00ed lo aprendi\u00f3, a trabajar hasta el cansancio&#8230;\u00a0<\/p><p>\u00bfQu\u00e9 pasar\u00eda si tus h\u00e1bitos los hicieras divertidos? oyeras m\u00fasica, hablar por celular con tu mama, esposa, esposo o hijos, cantaras, bromearas con tu familia, compa\u00f1eros y amistades; sonrieras, hicieras ejercicio, jugaras juego de mesa, platicaras con conocidos o desconocidos, cambiaras la ruta para ir a tu trabajo, caminaras&#8230; \u00bfpiensa que har\u00edas para que tu d\u00eda sea divertido y excitante?\u00a0<\/p><p>El objetivo es que veas en tu planeaci\u00f3n las actividades mas pesadas, tediosa, poco divertidas o rutinarias y con tu creatividad le agregues lo divertido.<\/p><p>Procedimiento:<\/p><p>1.1.- Escribe en una libreta \u00bfQu\u00e9 cosas te divierten incluso desde que eras mas peque\u00f1o?.\u00a0<\/p><p>1.2.- Escribe en una libreta \u00bfC\u00f3mo har\u00edas divertido tu trabajo incluyendo lo escrito en la pregunta anterior?<\/p><p>1.3.- Escribe una lista \u00bfC\u00f3mo har\u00edas divertido el d\u00eda a tus compa\u00f1eros de trabajos, familia y amistades?<\/p>\t\t\t\t\t\t\t\t<\/div>\n\t\t\t\t<\/div>\n\t\t\t\t<div class=\"elementor-element elementor-element-0b4ff5d elementor-widget-divider--view-line_icon elementor-view-default elementor-widget-divider--element-align-center elementor-widget elementor-widget-divider\" data-id=\"0b4ff5d\" data-element_type=\"widget\" data-e-type=\"widget\" data-widget_type=\"divider.default\">\n\t\t\t\t<div class=\"elementor-widget-container\">\n\t\t\t\t\t\t\t<div class=\"elementor-divider\">\n\t\t\t<span class=\"elementor-divider-separator\">\n\t\t\t\t\t\t\t<div class=\"elementor-icon elementor-divider__element\">\n\t\t\t\t\t<i aria-hidden=\"true\" class=\"fas fa-star\"><\/i><\/div>\n\t\t\t\t\t\t<\/span>\n\t\t<\/div>\n\t\t\t\t\t\t<\/div>\n\t\t\t\t<\/div>\n\t\t\t\t\t<\/div>\n\t\t<\/div>\n\t\t\t\t\t<\/div>\n\t\t<\/section>\n\t\t\t\t<section class=\"elementor-section elementor-inner-section elementor-element elementor-element-03287cc elementor-section-boxed elementor-section-height-default elementor-section-height-default\" data-id=\"03287cc\" data-element_type=\"section\" data-e-type=\"section\">\n\t\t\t\t\t\t<div class=\"elementor-container elementor-column-gap-default\">\n\t\t\t\t\t<div class=\"elementor-column elementor-col-100 elementor-inner-column elementor-element elementor-element-c7ebf55\" data-id=\"c7ebf55\" data-element_type=\"column\" data-e-type=\"column\">\n\t\t\t<div class=\"elementor-widget-wrap elementor-element-populated\">\n\t\t\t\t\t\t<div class=\"elementor-element elementor-element-0a06639 elementor-widget elementor-widget-heading\" data-id=\"0a06639\" data-element_type=\"widget\" data-e-type=\"widget\" data-widget_type=\"heading.default\">\n\t\t\t\t<div class=\"elementor-widget-container\">\n\t\t\t\t\t<h3 class=\"elementor-heading-title elementor-size-default\">2da actividad: libro piense y hagase rico<\/h3>\t\t\t\t<\/div>\n\t\t\t\t<\/div>\n\t\t\t\t<div class=\"elementor-element elementor-element-7f2df16 elementor-widget elementor-widget-text-editor\" data-id=\"7f2df16\" data-element_type=\"widget\" data-e-type=\"widget\" data-widget_type=\"text-editor.default\">\n\t\t\t\t<div class=\"elementor-widget-container\">\n\t\t\t\t\t\t\t\t\t<p>Ahora vamos a sembrar la sabidur\u00eda del libro &#8220;Piense y H\u00e1gase Rico&#8221; de Napole\u00f3n Hill.<\/p><p>Procedimiento:<\/p><p>2.1.- Leer el Libro en f\u00edsico el Capitulo: El Subconsciente, si no tienes el libro en f\u00edsico accede al enlace.<\/p><p>2.2.- ACCEDE AQUI:\u00a0<strong><a style=\"font-size: 17px; font-style: normal; font-weight: 400; background-color: #ffffff; color: #ff0000;\" href=\"https:\/\/soy.terapeutamental.com\/index.php\/pyhr-c12\/\">Capitulo 12: El Subconsciente<\/a>.<\/strong><\/p>\t\t\t\t\t\t\t\t<\/div>\n\t\t\t\t<\/div>\n\t\t\t\t<div class=\"elementor-element elementor-element-9e30c3d elementor-widget-divider--view-line_icon elementor-view-default elementor-widget-divider--element-align-center elementor-widget elementor-widget-divider\" data-id=\"9e30c3d\" data-element_type=\"widget\" data-e-type=\"widget\" data-widget_type=\"divider.default\">\n\t\t\t\t<div class=\"elementor-widget-container\">\n\t\t\t\t\t\t\t<div class=\"elementor-divider\">\n\t\t\t<span class=\"elementor-divider-separator\">\n\t\t\t\t\t\t\t<div class=\"elementor-icon elementor-divider__element\">\n\t\t\t\t\t<i aria-hidden=\"true\" class=\"fas fa-star\"><\/i><\/div>\n\t\t\t\t\t\t<\/span>\n\t\t<\/div>\n\t\t\t\t\t\t<\/div>\n\t\t\t\t<\/div>\n\t\t\t\t\t<\/div>\n\t\t<\/div>\n\t\t\t\t\t<\/div>\n\t\t<\/section>\n\t\t\t\t\t<\/div>\n\t\t<\/div>\n\t\t\t\t\t<\/div>\n\t\t<\/section>\n\t\t\t\t<section class=\"elementor-section elementor-top-section elementor-element elementor-element-6010a410 elementor-section-boxed elementor-section-height-default elementor-section-height-default\" data-id=\"6010a410\" data-element_type=\"section\" data-e-type=\"section\">\n\t\t\t\t\t\t<div class=\"elementor-container elementor-column-gap-default\">\n\t\t\t\t\t<div class=\"elementor-column elementor-col-100 elementor-top-column elementor-element elementor-element-57842c9b\" data-id=\"57842c9b\" data-element_type=\"column\" data-e-type=\"column\">\n\t\t\t<div class=\"elementor-widget-wrap elementor-element-populated\">\n\t\t\t\t\t\t<div class=\"elementor-element elementor-element-335dbd0b elementor-widget elementor-widget-text-editor\" data-id=\"335dbd0b\" data-element_type=\"widget\" data-e-type=\"widget\" data-widget_type=\"text-editor.default\">\n\t\t\t\t<div class=\"elementor-widget-container\">\n\t\t\t\t\t\t\t\t\t<h5><span style=\"color: #ff0000;\">Nota importante: esta pagina esta visible \u00fanicamente por 48 horas a partir del dia de su publicacion en el reto a la abundancia<\/span><\/h5>\t\t\t\t\t\t\t\t<\/div>\n\t\t\t\t<\/div>\n\t\t\t\t\t<\/div>\n\t\t<\/div>\n\t\t\t\t\t<\/div>\n\t\t<\/section>\n\t\t\t\t<section class=\"elementor-section elementor-top-section elementor-element elementor-element-62ada1e7 elementor-section-boxed elementor-section-height-default elementor-section-height-default\" data-id=\"62ada1e7\" data-element_type=\"section\" data-e-type=\"section\">\n\t\t\t\t\t\t<div class=\"elementor-container elementor-column-gap-default\">\n\t\t\t\t\t<div class=\"elementor-column elementor-col-100 elementor-top-column elementor-element elementor-element-4049e627\" data-id=\"4049e627\" data-element_type=\"column\" data-e-type=\"column\">\n\t\t\t<div class=\"elementor-widget-wrap elementor-element-populated\">\n\t\t\t\t\t\t<div class=\"elementor-element elementor-element-778395ef elementor-widget elementor-widget-text-editor\" data-id=\"778395ef\" data-element_type=\"widget\" data-e-type=\"widget\" data-widget_type=\"text-editor.default\">\n\t\t\t\t<div class=\"elementor-widget-container\">\n\t\t\t\t\t\t\t\t\t<h4><span style=\"font-size: 26px; color: #000080;\">!!!Una vez terminadas las actividades del Dia escribe en tu grupo de whatsapp\u00a0<\/span><\/h4><h4><span style=\"font-size: 26px; color: #000080;\">Dia 19 Realizado !!!<\/span><\/h4>\t\t\t\t\t\t\t\t<\/div>\n\t\t\t\t<\/div>\n\t\t\t\t\t<\/div>\n\t\t<\/div>\n\t\t\t\t\t<\/div>\n\t\t<\/section>\n\t\t\t\t<section class=\"elementor-section elementor-top-section elementor-element elementor-element-3ecaf429 elementor-section-boxed elementor-section-height-default elementor-section-height-default\" data-id=\"3ecaf429\" data-element_type=\"section\" data-e-type=\"section\">\n\t\t\t\t\t\t<div class=\"elementor-container elementor-column-gap-default\">\n\t\t\t\t\t<div class=\"elementor-column elementor-col-100 elementor-top-column elementor-element elementor-element-243eeef7\" data-id=\"243eeef7\" data-element_type=\"column\" data-e-type=\"column\">\n\t\t\t<div class=\"elementor-widget-wrap elementor-element-populated\">\n\t\t\t\t\t\t<div class=\"elementor-element elementor-element-384e0963 elementor-widget elementor-widget-image\" data-id=\"384e0963\" data-element_type=\"widget\" data-e-type=\"widget\" data-widget_type=\"image.default\">\n\t\t\t\t<div class=\"elementor-widget-container\">\n\t\t\t\t\t\t\t\t\t\t\t\t\t\t\t<img fetchpriority=\"high\" decoding=\"async\" width=\"1024\" height=\"454\" src=\"https:\/\/soy.terapeutamental.com\/wp-content\/uploads\/2020\/11\/logo-NC-transparente-1024x454.png\" class=\"attachment-large size-large wp-image-443\" alt=\"\" srcset=\"https:\/\/soy.terapeutamental.com\/wp-content\/uploads\/2020\/11\/logo-NC-transparente-1024x454.png 1024w, https:\/\/soy.terapeutamental.com\/wp-content\/uploads\/2020\/11\/logo-NC-transparente-300x133.png 300w, https:\/\/soy.terapeutamental.com\/wp-content\/uploads\/2020\/11\/logo-NC-transparente-768x340.png 768w, https:\/\/soy.terapeutamental.com\/wp-content\/uploads\/2020\/11\/logo-NC-transparente.png 1280w\" sizes=\"(max-width: 1024px) 100vw, 1024px\" \/>\t\t\t\t\t\t\t\t\t\t\t\t\t\t\t<\/div>\n\t\t\t\t<\/div>\n\t\t\t\t\t<\/div>\n\t\t<\/div>\n\t\t\t\t\t<\/div>\n\t\t<\/section>\n\t\t\t\t<\/div>\n\t\t","protected":false},"excerpt":{"rendered":"<p>reto abundancia dia-19 tu eres importante para nosotros Aqu\u00ed tienes las instrucciones para crear una conciencia de riqueza y prosperidad!! disfrutalos!!! 1ra actividad: planificacion de habitos (hazlo divertido) Ahora vamos a analizar tus h\u00e1bitos diarios de diversi\u00f3n familiar, social, laboral y personal. Unos de los h\u00e1bitos mas comunes de un emprendedor es trabajar hasta el [&hellip;]<\/p>\n","protected":false},"author":1,"featured_media":0,"parent":0,"menu_order":0,"comment_status":"closed","ping_status":"closed","template":"elementor_canvas","meta":{"site-sidebar-layout":"no-sidebar","site-content-layout":"page-builder","ast-site-content-layout":"default","site-content-style":"default","site-sidebar-style":"default","ast-global-header-display":"","ast-banner-title-visibility":"","ast-main-header-display":"","ast-hfb-above-header-display":"","ast-hfb-below-header-display":"","ast-hfb-mobile-header-display":"","site-post-title":"disabled","ast-breadcrumbs-content":"","ast-featured-img":"disabled","footer-sml-layout":"","ast-disable-related-posts":"","theme-transparent-header-meta":"default","adv-header-id-meta":"","stick-header-meta":"","header-above-stick-meta":"","header-main-stick-meta":"","header-below-stick-meta":"","astra-migrate-meta-layouts":"default","ast-page-background-enabled":"default","ast-page-background-meta":{"desktop":{"background-color":"","background-image":"","background-repeat":"repeat","background-position":"center center","background-size":"auto","background-attachment":"scroll","background-type":"","background-media":"","overlay-type":"","overlay-color":"","overlay-opacity":"","overlay-gradient":""},"tablet":{"background-color":"","background-image":"","background-repeat":"repeat","background-position":"center center","background-size":"auto","background-attachment":"scroll","background-type":"","background-media":"","overlay-type":"","overlay-color":"","overlay-opacity":"","overlay-gradient":""},"mobile":{"background-color":"","background-image":"","background-repeat":"repeat","background-position":"center center","background-size":"auto","background-attachment":"scroll","background-type":"","background-media":"","overlay-type":"","overlay-color":"","overlay-opacity":"","overlay-gradient":""}},"ast-content-background-meta":{"desktop":{"background-color":"var(--ast-global-color-5)","background-image":"","background-repeat":"repeat","background-position":"center center","background-size":"auto","background-attachment":"scroll","background-type":"","background-media":"","overlay-type":"","overlay-color":"","overlay-opacity":"","overlay-gradient":""},"tablet":{"background-color":"var(--ast-global-color-5)","background-image":"","background-repeat":"repeat","background-position":"center center","background-size":"auto","background-attachment":"scroll","background-type":"","background-media":"","overlay-type":"","overlay-color":"","overlay-opacity":"","overlay-gradient":""},"mobile":{"background-color":"var(--ast-global-color-5)","background-image":"","background-repeat":"repeat","background-position":"center center","background-size":"auto","background-attachment":"scroll","background-type":"","background-media":"","overlay-type":"","overlay-color":"","overlay-opacity":"","overlay-gradient":""}},"h5ap_radio_sources":[],"footnotes":""},"class_list":["post-3250","page","type-page","status-publish","hentry"],"_links":{"self":[{"href":"https:\/\/soy.terapeutamental.com\/index.php\/wp-json\/wp\/v2\/pages\/3250","targetHints":{"allow":["GET"]}}],"collection":[{"href":"https:\/\/soy.terapeutamental.com\/index.php\/wp-json\/wp\/v2\/pages"}],"about":[{"href":"https:\/\/soy.terapeutamental.com\/index.php\/wp-json\/wp\/v2\/types\/page"}],"author":[{"embeddable":true,"href":"https:\/\/soy.terapeutamental.com\/index.php\/wp-json\/wp\/v2\/users\/1"}],"replies":[{"embeddable":true,"href":"https:\/\/soy.terapeutamental.com\/index.php\/wp-json\/wp\/v2\/comments?post=3250"}],"version-history":[{"count":26,"href":"https:\/\/soy.terapeutamental.com\/index.php\/wp-json\/wp\/v2\/pages\/3250\/revisions"}],"predecessor-version":[{"id":4606,"href":"https:\/\/soy.terapeutamental.com\/index.php\/wp-json\/wp\/v2\/pages\/3250\/revisions\/4606"}],"wp:attachment":[{"href":"https:\/\/soy.terapeutamental.com\/index.php\/wp-json\/wp\/v2\/media?parent=3250"}],"curies":[{"name":"wp","href":"https:\/\/api.w.org\/{rel}","templated":true}]}}